{"id":2857,"date":"2022-08-23T10:22:54","date_gmt":"2022-08-23T08:22:54","guid":{"rendered":"https:\/\/www.koduluks.ee\/?post_type=product&#038;p=2857"},"modified":"2023-11-10T08:19:26","modified_gmt":"2023-11-10T06:19:26","slug":"led-lamp-speaker-vaike","status":"publish","type":"product","link":"https:\/\/www.koduluks.ee\/ru\/product\/led-lamp-speaker-vaike\/","title":{"rendered":"LED lamp\/ Speaker (suur)"},"content":{"rendered":"<p><img loading=\"lazy\" decoding=\"async\" width=\"250\" height=\"188\" class=\"alignnone size-medium wp-image-2861\" src=\"https:\/\/www.koduluks.ee\/wp-content\/uploads\/2022\/08\/14437_emb-250x188.jpg\" alt=\"\" srcset=\"https:\/\/www.koduluks.ee\/wp-content\/uploads\/2022\/08\/14437_emb-250x188.jpg 250w, https:\/\/www.koduluks.ee\/wp-content\/uploads\/2022\/08\/14437_emb-700x525.jpg 700w, https:\/\/www.koduluks.ee\/wp-content\/uploads\/2022\/08\/14437_emb-768x576.jpg 768w, https:\/\/www.koduluks.ee\/wp-content\/uploads\/2022\/08\/14437_emb-120x90.jpg 120w, https:\/\/www.koduluks.ee\/wp-content\/uploads\/2022\/08\/14437_emb-600x450.jpg 600w, https:\/\/www.koduluks.ee\/wp-content\/uploads\/2022\/08\/14437_emb.jpg 1024w\" sizes=\"auto, (max-width: 250px) 100vw, 250px\" \/> <img loading=\"lazy\" decoding=\"async\" width=\"250\" height=\"188\" class=\"alignnone size-medium wp-image-2858\" src=\"https:\/\/www.koduluks.ee\/wp-content\/uploads\/2022\/08\/341221_env_3_2201-250x188.jpg\" alt=\"\" srcset=\"https:\/\/www.koduluks.ee\/wp-content\/uploads\/2022\/08\/341221_env_3_2201-250x188.jpg 250w, https:\/\/www.koduluks.ee\/wp-content\/uploads\/2022\/08\/341221_env_3_2201-700x525.jpg 700w, https:\/\/www.koduluks.ee\/wp-content\/uploads\/2022\/08\/341221_env_3_2201-768x576.jpg 768w, https:\/\/www.koduluks.ee\/wp-content\/uploads\/2022\/08\/341221_env_3_2201-120x90.jpg 120w, https:\/\/www.koduluks.ee\/wp-content\/uploads\/2022\/08\/341221_env_3_2201-600x450.jpg 600w, https:\/\/www.koduluks.ee\/wp-content\/uploads\/2022\/08\/341221_env_3_2201.jpg 1024w\" sizes=\"auto, (max-width: 250px) 100vw, 250px\" \/> <img loading=\"lazy\" decoding=\"async\" width=\"250\" height=\"188\" class=\"alignnone size-medium wp-image-2870\" src=\"https:\/\/www.koduluks.ee\/wp-content\/uploads\/2022\/08\/14437_env_3-250x188.jpg\" alt=\"\" srcset=\"https:\/\/www.koduluks.ee\/wp-content\/uploads\/2022\/08\/14437_env_3-250x188.jpg 250w, https:\/\/www.koduluks.ee\/wp-content\/uploads\/2022\/08\/14437_env_3-700x525.jpg 700w, https:\/\/www.koduluks.ee\/wp-content\/uploads\/2022\/08\/14437_env_3-768x576.jpg 768w, https:\/\/www.koduluks.ee\/wp-content\/uploads\/2022\/08\/14437_env_3-120x90.jpg 120w, https:\/\/www.koduluks.ee\/wp-content\/uploads\/2022\/08\/14437_env_3-600x450.jpg 600w, https:\/\/www.koduluks.ee\/wp-content\/uploads\/2022\/08\/14437_env_3.jpg 1024w\" sizes=\"auto, (max-width: 250px) 100vw, 250px\" \/> <img loading=\"lazy\" decoding=\"async\" width=\"250\" height=\"188\" class=\"alignnone size-medium wp-image-2867\" src=\"https:\/\/www.koduluks.ee\/wp-content\/uploads\/2022\/08\/14437_env_1_1901-250x188.jpg\" alt=\"\" srcset=\"https:\/\/www.koduluks.ee\/wp-content\/uploads\/2022\/08\/14437_env_1_1901-250x188.jpg 250w, https:\/\/www.koduluks.ee\/wp-content\/uploads\/2022\/08\/14437_env_1_1901-700x525.jpg 700w, https:\/\/www.koduluks.ee\/wp-content\/uploads\/2022\/08\/14437_env_1_1901-768x576.jpg 768w, https:\/\/www.koduluks.ee\/wp-content\/uploads\/2022\/08\/14437_env_1_1901-120x90.jpg 120w, https:\/\/www.koduluks.ee\/wp-content\/uploads\/2022\/08\/14437_env_1_1901-600x450.jpg 600w, https:\/\/www.koduluks.ee\/wp-content\/uploads\/2022\/08\/14437_env_1_1901.jpg 1024w\" sizes=\"auto, (max-width: 250px) 100vw, 250px\" \/><\/p>\n","protected":false},"excerpt":{"rendered":"Elegantne k\u00f5lariga LED-lamp, mis \u00fchendab endas nii valguse kui heli. V\u00f5tke see kaasa liikvele, terrassile v\u00f5i randa. Lampi ja k\u00f5larit saab kasutada eraldi v\u00f5i korraga. Lamp annab meeldiva sooja valge valguse.\r\nLED lamp koos k\u00f5lariga 21&#215;31,5 cm Valge\r\n\r\nToote t\u00fc\u00fcp: LED lamp\/k\u00f5lar\r\nMaterjal: PE\r\nV\u00e4rvus: Valge\r\nK\u00f5rgus: 31,5 cm; Diam.: 21 cm","protected":false},"featured_media":2861,"template":"","meta":{"_acf_changed":false,"inline_featured_image":false},"product_brand":[],"product_cat":[74],"product_tag":[],"class_list":{"0":"post-2857","1":"product","2":"type-product","3":"status-publish","4":"has-post-thumbnail","6":"product_cat-villa","8":"first","9":"instock","10":"taxable","11":"shipping-taxable","12":"purchasable","13":"product-type-simple"},"acf":[],"yoast_head":"<!-- This site is optimized with the Yoast SEO plugin v27.2 - https:\/\/yoast.com\/product\/yoast-seo-wordpress\/ -->\n<title>LED lamp\/ Speaker (suur) - Koduluks<\/title>\n<meta name=\"description\" content=\"LED lamp ja k\u00f5lar \u00fches. Lampi ja k\u00f5larit saab kasutada eraldi v\u00f5i korraga. Lambi suurus on 21x31.5cm ja v\u00e4rvuselt valge. Tule ostma!\" \/>\n<meta name=\"robots\" content=\"noindex, follow\" \/>\n<meta property=\"og:locale\" content=\"ru_RU\" \/>\n<meta property=\"og:type\" content=\"article\" \/>\n<meta property=\"og:title\" content=\"LED lamp\/ Speaker (suur) - Koduluks\" \/>\n<meta property=\"og:description\" content=\"LED lamp ja k\u00f5lar \u00fches. Lampi ja k\u00f5larit saab kasutada eraldi v\u00f5i korraga. Lambi suurus on 21x31.5cm ja v\u00e4rvuselt valge. Tule ostma!\" \/>\n<meta property=\"og:url\" content=\"https:\/\/www.koduluks.ee\/toode\/led-lamp-speaker-vaike\/\" \/>\n<meta property=\"og:site_name\" content=\"Koduluks\" \/>\n<meta property=\"article:modified_time\" content=\"2023-11-10T06:19:26+00:00\" \/>\n<meta property=\"og:image\" content=\"https:\/\/www.koduluks.ee\/wp-content\/uploads\/2022\/08\/14437_emb.jpg\" \/>\n\t<meta property=\"og:image:width\" content=\"1024\" \/>\n\t<meta property=\"og:image:height\" content=\"768\" \/>\n\t<meta property=\"og:image:type\" content=\"image\/jpeg\" \/>\n<meta name=\"twitter:card\" content=\"summary_large_image\" \/>\n<meta name=\"twitter:label1\" content=\"\u041f\u0440\u0438\u043c\u0435\u0440\u043d\u043e\u0435 \u0432\u0440\u0435\u043c\u044f \u0434\u043b\u044f \u0447\u0442\u0435\u043d\u0438\u044f\" \/>\n\t<meta name=\"twitter:data1\" content=\"1 \u043c\u0438\u043d\u0443\u0442\u0430\" \/>\n<script type=\"application\/ld+json\" class=\"yoast-schema-graph\">{\"@context\":\"https:\/\/schema.org\",\"@graph\":[{\"@type\":\"WebPage\",\"@id\":\"https:\/\/www.koduluks.ee\/toode\/led-lamp-speaker-vaike\/\",\"url\":\"https:\/\/www.koduluks.ee\/toode\/led-lamp-speaker-vaike\/\",\"name\":\"LED lamp\/ Speaker (suur) - Koduluks\",\"isPartOf\":{\"@id\":\"https:\/\/www.koduluks.ee\/#website\"},\"primaryImageOfPage\":{\"@id\":\"https:\/\/www.koduluks.ee\/toode\/led-lamp-speaker-vaike\/#primaryimage\"},\"image\":{\"@id\":\"https:\/\/www.koduluks.ee\/toode\/led-lamp-speaker-vaike\/#primaryimage\"},\"thumbnailUrl\":\"https:\/\/www.koduluks.ee\/wp-content\/uploads\/2022\/08\/14437_emb.jpg\",\"datePublished\":\"2022-08-23T08:22:54+00:00\",\"dateModified\":\"2023-11-10T06:19:26+00:00\",\"description\":\"LED lamp ja k\u00f5lar \u00fches. Lampi ja k\u00f5larit saab kasutada eraldi v\u00f5i korraga. Lambi suurus on 21x31.5cm ja v\u00e4rvuselt valge. Tule ostma!\",\"breadcrumb\":{\"@id\":\"https:\/\/www.koduluks.ee\/toode\/led-lamp-speaker-vaike\/#breadcrumb\"},\"inLanguage\":\"ru-RU\",\"potentialAction\":[{\"@type\":\"ReadAction\",\"target\":[\"https:\/\/www.koduluks.ee\/toode\/led-lamp-speaker-vaike\/\"]}]},{\"@type\":\"ImageObject\",\"inLanguage\":\"ru-RU\",\"@id\":\"https:\/\/www.koduluks.ee\/toode\/led-lamp-speaker-vaike\/#primaryimage\",\"url\":\"https:\/\/www.koduluks.ee\/wp-content\/uploads\/2022\/08\/14437_emb.jpg\",\"contentUrl\":\"https:\/\/www.koduluks.ee\/wp-content\/uploads\/2022\/08\/14437_emb.jpg\",\"width\":1024,\"height\":768,\"caption\":\"koduluks latern puidust \u00f5uem\u00f6\u00f6bel aiam\u00f6\u00f6bel aia akssessuaarid\"},{\"@type\":\"BreadcrumbList\",\"@id\":\"https:\/\/www.koduluks.ee\/toode\/led-lamp-speaker-vaike\/#breadcrumb\",\"itemListElement\":[{\"@type\":\"ListItem\",\"position\":1,\"name\":\"Home\",\"item\":\"https:\/\/www.koduluks.ee\/ru\/\"},{\"@type\":\"ListItem\",\"position\":2,\"name\":\"\u041c\u0430\u0433\u0430\u0437\u0438\u043d\",\"item\":\"https:\/\/www.koduluks.ee\/pood\/\"},{\"@type\":\"ListItem\",\"position\":3,\"name\":\"LED lamp\/ Speaker (suur)\"}]},{\"@type\":\"WebSite\",\"@id\":\"https:\/\/www.koduluks.ee\/#website\",\"url\":\"https:\/\/www.koduluks.ee\/\",\"name\":\"Koduluks\",\"description\":\"\",\"publisher\":{\"@id\":\"https:\/\/www.koduluks.ee\/#organization\"},\"potentialAction\":[{\"@type\":\"SearchAction\",\"target\":{\"@type\":\"EntryPoint\",\"urlTemplate\":\"https:\/\/www.koduluks.ee\/?s={search_term_string}\"},\"query-input\":{\"@type\":\"PropertyValueSpecification\",\"valueRequired\":true,\"valueName\":\"search_term_string\"}}],\"inLanguage\":\"ru-RU\"},{\"@type\":\"Organization\",\"@id\":\"https:\/\/www.koduluks.ee\/#organization\",\"name\":\"Koduluks\",\"url\":\"https:\/\/www.koduluks.ee\/\",\"logo\":{\"@type\":\"ImageObject\",\"inLanguage\":\"ru-RU\",\"@id\":\"https:\/\/www.koduluks.ee\/#\/schema\/logo\/image\/\",\"url\":\"https:\/\/www.koduluks.ee\/wp-content\/uploads\/2018\/10\/koduluks_logo.svg\",\"contentUrl\":\"https:\/\/www.koduluks.ee\/wp-content\/uploads\/2018\/10\/koduluks_logo.svg\",\"width\":117,\"height\":32,\"caption\":\"Koduluks\"},\"image\":{\"@id\":\"https:\/\/www.koduluks.ee\/#\/schema\/logo\/image\/\"}}]}<\/script>\n<!-- \/ Yoast SEO plugin. -->","yoast_head_json":{"title":"LED lamp\/ Speaker (suur) - Koduluks","description":"LED lamp ja k\u00f5lar \u00fches. Lampi ja k\u00f5larit saab kasutada eraldi v\u00f5i korraga. Lambi suurus on 21x31.5cm ja v\u00e4rvuselt valge. Tule ostma!","robots":{"index":"noindex","follow":"follow"},"og_locale":"ru_RU","og_type":"article","og_title":"LED lamp\/ Speaker (suur) - Koduluks","og_description":"LED lamp ja k\u00f5lar \u00fches. Lampi ja k\u00f5larit saab kasutada eraldi v\u00f5i korraga. Lambi suurus on 21x31.5cm ja v\u00e4rvuselt valge. Tule ostma!","og_url":"https:\/\/www.koduluks.ee\/toode\/led-lamp-speaker-vaike\/","og_site_name":"Koduluks","article_modified_time":"2023-11-10T06:19:26+00:00","og_image":[{"width":1024,"height":768,"url":"https:\/\/www.koduluks.ee\/wp-content\/uploads\/2022\/08\/14437_emb.jpg","type":"image\/jpeg"}],"twitter_card":"summary_large_image","twitter_misc":{"\u041f\u0440\u0438\u043c\u0435\u0440\u043d\u043e\u0435 \u0432\u0440\u0435\u043c\u044f \u0434\u043b\u044f \u0447\u0442\u0435\u043d\u0438\u044f":"1 \u043c\u0438\u043d\u0443\u0442\u0430"},"schema":{"@context":"https:\/\/schema.org","@graph":[{"@type":"WebPage","@id":"https:\/\/www.koduluks.ee\/toode\/led-lamp-speaker-vaike\/","url":"https:\/\/www.koduluks.ee\/toode\/led-lamp-speaker-vaike\/","name":"LED lamp\/ Speaker (suur) - Koduluks","isPartOf":{"@id":"https:\/\/www.koduluks.ee\/#website"},"primaryImageOfPage":{"@id":"https:\/\/www.koduluks.ee\/toode\/led-lamp-speaker-vaike\/#primaryimage"},"image":{"@id":"https:\/\/www.koduluks.ee\/toode\/led-lamp-speaker-vaike\/#primaryimage"},"thumbnailUrl":"https:\/\/www.koduluks.ee\/wp-content\/uploads\/2022\/08\/14437_emb.jpg","datePublished":"2022-08-23T08:22:54+00:00","dateModified":"2023-11-10T06:19:26+00:00","description":"LED lamp ja k\u00f5lar \u00fches. Lampi ja k\u00f5larit saab kasutada eraldi v\u00f5i korraga. Lambi suurus on 21x31.5cm ja v\u00e4rvuselt valge. Tule ostma!","breadcrumb":{"@id":"https:\/\/www.koduluks.ee\/toode\/led-lamp-speaker-vaike\/#breadcrumb"},"inLanguage":"ru-RU","potentialAction":[{"@type":"ReadAction","target":["https:\/\/www.koduluks.ee\/toode\/led-lamp-speaker-vaike\/"]}]},{"@type":"ImageObject","inLanguage":"ru-RU","@id":"https:\/\/www.koduluks.ee\/toode\/led-lamp-speaker-vaike\/#primaryimage","url":"https:\/\/www.koduluks.ee\/wp-content\/uploads\/2022\/08\/14437_emb.jpg","contentUrl":"https:\/\/www.koduluks.ee\/wp-content\/uploads\/2022\/08\/14437_emb.jpg","width":1024,"height":768,"caption":"koduluks latern puidust \u00f5uem\u00f6\u00f6bel aiam\u00f6\u00f6bel aia akssessuaarid"},{"@type":"BreadcrumbList","@id":"https:\/\/www.koduluks.ee\/toode\/led-lamp-speaker-vaike\/#breadcrumb","itemListElement":[{"@type":"ListItem","position":1,"name":"Home","item":"https:\/\/www.koduluks.ee\/ru\/"},{"@type":"ListItem","position":2,"name":"\u041c\u0430\u0433\u0430\u0437\u0438\u043d","item":"https:\/\/www.koduluks.ee\/pood\/"},{"@type":"ListItem","position":3,"name":"LED lamp\/ Speaker (suur)"}]},{"@type":"WebSite","@id":"https:\/\/www.koduluks.ee\/#website","url":"https:\/\/www.koduluks.ee\/","name":"Koduluks","description":"","publisher":{"@id":"https:\/\/www.koduluks.ee\/#organization"},"potentialAction":[{"@type":"SearchAction","target":{"@type":"EntryPoint","urlTemplate":"https:\/\/www.koduluks.ee\/?s={search_term_string}"},"query-input":{"@type":"PropertyValueSpecification","valueRequired":true,"valueName":"search_term_string"}}],"inLanguage":"ru-RU"},{"@type":"Organization","@id":"https:\/\/www.koduluks.ee\/#organization","name":"Koduluks","url":"https:\/\/www.koduluks.ee\/","logo":{"@type":"ImageObject","inLanguage":"ru-RU","@id":"https:\/\/www.koduluks.ee\/#\/schema\/logo\/image\/","url":"https:\/\/www.koduluks.ee\/wp-content\/uploads\/2018\/10\/koduluks_logo.svg","contentUrl":"https:\/\/www.koduluks.ee\/wp-content\/uploads\/2018\/10\/koduluks_logo.svg","width":117,"height":32,"caption":"Koduluks"},"image":{"@id":"https:\/\/www.koduluks.ee\/#\/schema\/logo\/image\/"}}]}},"_links":{"self":[{"href":"https:\/\/www.koduluks.ee\/ru\/wp-json\/wp\/v2\/product\/2857","targetHints":{"allow":["GET"]}}],"collection":[{"href":"https:\/\/www.koduluks.ee\/ru\/wp-json\/wp\/v2\/product"}],"about":[{"href":"https:\/\/www.koduluks.ee\/ru\/wp-json\/wp\/v2\/types\/product"}],"wp:featuredmedia":[{"embeddable":true,"href":"https:\/\/www.koduluks.ee\/ru\/wp-json\/wp\/v2\/media\/2861"}],"wp:attachment":[{"href":"https:\/\/www.koduluks.ee\/ru\/wp-json\/wp\/v2\/media?parent=2857"}],"wp:term":[{"taxonomy":"product_brand","embeddable":true,"href":"https:\/\/www.koduluks.ee\/ru\/wp-json\/wp\/v2\/product_brand?post=2857"},{"taxonomy":"product_cat","embeddable":true,"href":"https:\/\/www.koduluks.ee\/ru\/wp-json\/wp\/v2\/product_cat?post=2857"},{"taxonomy":"product_tag","embeddable":true,"href":"https:\/\/www.koduluks.ee\/ru\/wp-json\/wp\/v2\/product_tag?post=2857"}],"curies":[{"name":"wp","href":"https:\/\/api.w.org\/{rel}","templated":true}]}}