{"id":2854,"date":"2022-08-23T09:58:59","date_gmt":"2022-08-23T07:58:59","guid":{"rendered":"https:\/\/www.koduluks.ee\/?post_type=product&#038;p=2854"},"modified":"2026-02-26T11:30:11","modified_gmt":"2026-02-26T09:30:11","slug":"bitz-hoiustamise-anum-suur","status":"publish","type":"product","link":"https:\/\/www.koduluks.ee\/ru\/product\/bitz-hoiustamise-anum-suur\/","title":{"rendered":"BITZ hoiustamise anum (suur)"},"content":{"rendered":"<p><img loading=\"lazy\" decoding=\"async\" width=\"250\" height=\"188\" class=\"alignnone size-medium wp-image-2848\" src=\"https:\/\/www.koduluks.ee\/wp-content\/uploads\/2022\/08\/12492-250x188.jpg\" alt=\"\" srcset=\"https:\/\/www.koduluks.ee\/wp-content\/uploads\/2022\/08\/12492-250x188.jpg 250w, https:\/\/www.koduluks.ee\/wp-content\/uploads\/2022\/08\/12492-700x525.jpg 700w, https:\/\/www.koduluks.ee\/wp-content\/uploads\/2022\/08\/12492-768x576.jpg 768w, https:\/\/www.koduluks.ee\/wp-content\/uploads\/2022\/08\/12492-120x90.jpg 120w, https:\/\/www.koduluks.ee\/wp-content\/uploads\/2022\/08\/12492-600x450.jpg 600w, https:\/\/www.koduluks.ee\/wp-content\/uploads\/2022\/08\/12492.jpg 1024w\" sizes=\"auto, (max-width: 250px) 100vw, 250px\" \/> <img loading=\"lazy\" decoding=\"async\" width=\"250\" height=\"188\" class=\"alignnone size-medium wp-image-2832\" src=\"https:\/\/www.koduluks.ee\/wp-content\/uploads\/2022\/08\/12488_env_9-250x188.jpg\" alt=\"\" srcset=\"https:\/\/www.koduluks.ee\/wp-content\/uploads\/2022\/08\/12488_env_9-250x188.jpg 250w, https:\/\/www.koduluks.ee\/wp-content\/uploads\/2022\/08\/12488_env_9-700x525.jpg 700w, https:\/\/www.koduluks.ee\/wp-content\/uploads\/2022\/08\/12488_env_9-768x576.jpg 768w, https:\/\/www.koduluks.ee\/wp-content\/uploads\/2022\/08\/12488_env_9-120x90.jpg 120w, https:\/\/www.koduluks.ee\/wp-content\/uploads\/2022\/08\/12488_env_9-600x450.jpg 600w, https:\/\/www.koduluks.ee\/wp-content\/uploads\/2022\/08\/12488_env_9.jpg 1024w\" sizes=\"auto, (max-width: 250px) 100vw, 250px\" \/> <img loading=\"lazy\" decoding=\"async\" width=\"250\" height=\"188\" class=\"alignnone size-medium wp-image-2835\" src=\"https:\/\/www.koduluks.ee\/wp-content\/uploads\/2022\/08\/12488_env_8-250x188.jpg\" alt=\"\" srcset=\"https:\/\/www.koduluks.ee\/wp-content\/uploads\/2022\/08\/12488_env_8-250x188.jpg 250w, https:\/\/www.koduluks.ee\/wp-content\/uploads\/2022\/08\/12488_env_8-700x525.jpg 700w, https:\/\/www.koduluks.ee\/wp-content\/uploads\/2022\/08\/12488_env_8-768x576.jpg 768w, https:\/\/www.koduluks.ee\/wp-content\/uploads\/2022\/08\/12488_env_8-120x90.jpg 120w, https:\/\/www.koduluks.ee\/wp-content\/uploads\/2022\/08\/12488_env_8-600x450.jpg 600w, https:\/\/www.koduluks.ee\/wp-content\/uploads\/2022\/08\/12488_env_8.jpg 1024w\" sizes=\"auto, (max-width: 250px) 100vw, 250px\" \/> <img loading=\"lazy\" decoding=\"async\" width=\"250\" height=\"188\" class=\"alignnone size-medium wp-image-2838\" src=\"https:\/\/www.koduluks.ee\/wp-content\/uploads\/2022\/08\/12488_env_5-250x188.jpg\" alt=\"\" srcset=\"https:\/\/www.koduluks.ee\/wp-content\/uploads\/2022\/08\/12488_env_5-250x188.jpg 250w, https:\/\/www.koduluks.ee\/wp-content\/uploads\/2022\/08\/12488_env_5-700x525.jpg 700w, https:\/\/www.koduluks.ee\/wp-content\/uploads\/2022\/08\/12488_env_5-768x576.jpg 768w, https:\/\/www.koduluks.ee\/wp-content\/uploads\/2022\/08\/12488_env_5-120x90.jpg 120w, https:\/\/www.koduluks.ee\/wp-content\/uploads\/2022\/08\/12488_env_5-600x450.jpg 600w, https:\/\/www.koduluks.ee\/wp-content\/uploads\/2022\/08\/12488_env_5.jpg 1024w\" sizes=\"auto, (max-width: 250px) 100vw, 250px\" \/><\/p>\n","protected":false},"excerpt":{"rendered":"<strong>Kaanega purk 16,5 cm Matt kreem BITZ<\/strong>\r\n\r\n&nbsp;\r\n\r\nAtraktiivne, samas funktsionaalne tammepuidust kaanega matt-kreemikas keraamiline purk purk kuivainete s\u00e4ilitamiseks. Kaas on varustatud silikoonr\u00f5ngaga tihedaks tihendamiseks. Purk on n\u00f5udepesumasinas pestav, puidust kaant tuleb pesta k\u00e4sitsi.\r\n\r\nToote t\u00fc\u00fcp: purgike\r\nMaterjal: keraamiline purk, puidust kaas\r\nMahutavus: 1450 ml\r\nV\u00f6rvus: kreemikas matt\r\nK\u00f5rgus: 16,5 cm\r\nAva diam.: 11 cm","protected":false},"featured_media":2848,"template":"","meta":{"_acf_changed":false,"inline_featured_image":false},"product_brand":[],"product_cat":[75],"product_tag":[],"class_list":{"0":"post-2854","1":"product","2":"type-product","3":"status-publish","4":"has-post-thumbnail","6":"product_cat-bitz","8":"first","9":"instock","10":"taxable","11":"shipping-taxable","12":"purchasable","13":"product-type-simple"},"acf":[],"yoast_head":"<!-- This site is optimized with the Yoast SEO plugin v27.2 - https:\/\/yoast.com\/product\/yoast-seo-wordpress\/ -->\n<title>BITZ hoiustamise anum (suur) - Koduluks<\/title>\n<meta name=\"description\" content=\"Stiilne ja funktsionaalne keraamiline purk tammekaanega Bitz br\u00e4ndilt. Mahutavus 1450 ml. V\u00e4rvuselt kreemikas mattv\u00e4rv. Ideaalne disaintoode k\u00f6\u00f6ki!\" \/>\n<meta name=\"robots\" content=\"noindex, follow\" \/>\n<meta property=\"og:locale\" content=\"ru_RU\" \/>\n<meta property=\"og:type\" content=\"article\" \/>\n<meta property=\"og:title\" content=\"BITZ hoiustamise anum (suur) - Koduluks\" \/>\n<meta property=\"og:description\" content=\"Stiilne ja funktsionaalne keraamiline purk tammekaanega Bitz br\u00e4ndilt. Mahutavus 1450 ml. V\u00e4rvuselt kreemikas mattv\u00e4rv. Ideaalne disaintoode k\u00f6\u00f6ki!\" \/>\n<meta property=\"og:url\" content=\"https:\/\/www.koduluks.ee\/toode\/bitz-hoiustamise-anum-suur\/\" \/>\n<meta property=\"og:site_name\" content=\"Koduluks\" \/>\n<meta property=\"article:modified_time\" content=\"2026-02-26T09:30:11+00:00\" \/>\n<meta property=\"og:image\" content=\"https:\/\/www.koduluks.ee\/wp-content\/uploads\/2022\/08\/12492.jpg\" \/>\n\t<meta property=\"og:image:width\" content=\"1024\" \/>\n\t<meta property=\"og:image:height\" content=\"768\" \/>\n\t<meta property=\"og:image:type\" content=\"image\/jpeg\" \/>\n<meta name=\"twitter:card\" content=\"summary_large_image\" \/>\n<meta name=\"twitter:label1\" content=\"\u041f\u0440\u0438\u043c\u0435\u0440\u043d\u043e\u0435 \u0432\u0440\u0435\u043c\u044f \u0434\u043b\u044f \u0447\u0442\u0435\u043d\u0438\u044f\" \/>\n\t<meta name=\"twitter:data1\" content=\"1 \u043c\u0438\u043d\u0443\u0442\u0430\" \/>\n<script type=\"application\/ld+json\" class=\"yoast-schema-graph\">{\"@context\":\"https:\/\/schema.org\",\"@graph\":[{\"@type\":\"WebPage\",\"@id\":\"https:\/\/www.koduluks.ee\/toode\/bitz-hoiustamise-anum-suur\/\",\"url\":\"https:\/\/www.koduluks.ee\/toode\/bitz-hoiustamise-anum-suur\/\",\"name\":\"BITZ hoiustamise anum (suur) - Koduluks\",\"isPartOf\":{\"@id\":\"https:\/\/www.koduluks.ee\/#website\"},\"primaryImageOfPage\":{\"@id\":\"https:\/\/www.koduluks.ee\/toode\/bitz-hoiustamise-anum-suur\/#primaryimage\"},\"image\":{\"@id\":\"https:\/\/www.koduluks.ee\/toode\/bitz-hoiustamise-anum-suur\/#primaryimage\"},\"thumbnailUrl\":\"https:\/\/www.koduluks.ee\/wp-content\/uploads\/2022\/08\/12492.jpg\",\"datePublished\":\"2022-08-23T07:58:59+00:00\",\"dateModified\":\"2026-02-26T09:30:11+00:00\",\"description\":\"Stiilne ja funktsionaalne keraamiline purk tammekaanega Bitz br\u00e4ndilt. Mahutavus 1450 ml. V\u00e4rvuselt kreemikas mattv\u00e4rv. Ideaalne disaintoode k\u00f6\u00f6ki!\",\"breadcrumb\":{\"@id\":\"https:\/\/www.koduluks.ee\/toode\/bitz-hoiustamise-anum-suur\/#breadcrumb\"},\"inLanguage\":\"ru-RU\",\"potentialAction\":[{\"@type\":\"ReadAction\",\"target\":[\"https:\/\/www.koduluks.ee\/toode\/bitz-hoiustamise-anum-suur\/\"]}]},{\"@type\":\"ImageObject\",\"inLanguage\":\"ru-RU\",\"@id\":\"https:\/\/www.koduluks.ee\/toode\/bitz-hoiustamise-anum-suur\/#primaryimage\",\"url\":\"https:\/\/www.koduluks.ee\/wp-content\/uploads\/2022\/08\/12492.jpg\",\"contentUrl\":\"https:\/\/www.koduluks.ee\/wp-content\/uploads\/2022\/08\/12492.jpg\",\"width\":1024,\"height\":768,\"caption\":\"koduluks\"},{\"@type\":\"BreadcrumbList\",\"@id\":\"https:\/\/www.koduluks.ee\/toode\/bitz-hoiustamise-anum-suur\/#breadcrumb\",\"itemListElement\":[{\"@type\":\"ListItem\",\"position\":1,\"name\":\"Home\",\"item\":\"https:\/\/www.koduluks.ee\/ru\/\"},{\"@type\":\"ListItem\",\"position\":2,\"name\":\"\u041c\u0430\u0433\u0430\u0437\u0438\u043d\",\"item\":\"https:\/\/www.koduluks.ee\/pood\/\"},{\"@type\":\"ListItem\",\"position\":3,\"name\":\"BITZ hoiustamise anum (suur)\"}]},{\"@type\":\"WebSite\",\"@id\":\"https:\/\/www.koduluks.ee\/#website\",\"url\":\"https:\/\/www.koduluks.ee\/\",\"name\":\"Koduluks\",\"description\":\"\",\"publisher\":{\"@id\":\"https:\/\/www.koduluks.ee\/#organization\"},\"potentialAction\":[{\"@type\":\"SearchAction\",\"target\":{\"@type\":\"EntryPoint\",\"urlTemplate\":\"https:\/\/www.koduluks.ee\/?s={search_term_string}\"},\"query-input\":{\"@type\":\"PropertyValueSpecification\",\"valueRequired\":true,\"valueName\":\"search_term_string\"}}],\"inLanguage\":\"ru-RU\"},{\"@type\":\"Organization\",\"@id\":\"https:\/\/www.koduluks.ee\/#organization\",\"name\":\"Koduluks\",\"url\":\"https:\/\/www.koduluks.ee\/\",\"logo\":{\"@type\":\"ImageObject\",\"inLanguage\":\"ru-RU\",\"@id\":\"https:\/\/www.koduluks.ee\/#\/schema\/logo\/image\/\",\"url\":\"https:\/\/www.koduluks.ee\/wp-content\/uploads\/2018\/10\/koduluks_logo.svg\",\"contentUrl\":\"https:\/\/www.koduluks.ee\/wp-content\/uploads\/2018\/10\/koduluks_logo.svg\",\"width\":117,\"height\":32,\"caption\":\"Koduluks\"},\"image\":{\"@id\":\"https:\/\/www.koduluks.ee\/#\/schema\/logo\/image\/\"}}]}<\/script>\n<!-- \/ Yoast SEO plugin. -->","yoast_head_json":{"title":"BITZ hoiustamise anum (suur) - Koduluks","description":"Stiilne ja funktsionaalne keraamiline purk tammekaanega Bitz br\u00e4ndilt. Mahutavus 1450 ml. V\u00e4rvuselt kreemikas mattv\u00e4rv. Ideaalne disaintoode k\u00f6\u00f6ki!","robots":{"index":"noindex","follow":"follow"},"og_locale":"ru_RU","og_type":"article","og_title":"BITZ hoiustamise anum (suur) - Koduluks","og_description":"Stiilne ja funktsionaalne keraamiline purk tammekaanega Bitz br\u00e4ndilt. Mahutavus 1450 ml. V\u00e4rvuselt kreemikas mattv\u00e4rv. Ideaalne disaintoode k\u00f6\u00f6ki!","og_url":"https:\/\/www.koduluks.ee\/toode\/bitz-hoiustamise-anum-suur\/","og_site_name":"Koduluks","article_modified_time":"2026-02-26T09:30:11+00:00","og_image":[{"width":1024,"height":768,"url":"https:\/\/www.koduluks.ee\/wp-content\/uploads\/2022\/08\/12492.jpg","type":"image\/jpeg"}],"twitter_card":"summary_large_image","twitter_misc":{"\u041f\u0440\u0438\u043c\u0435\u0440\u043d\u043e\u0435 \u0432\u0440\u0435\u043c\u044f \u0434\u043b\u044f \u0447\u0442\u0435\u043d\u0438\u044f":"1 \u043c\u0438\u043d\u0443\u0442\u0430"},"schema":{"@context":"https:\/\/schema.org","@graph":[{"@type":"WebPage","@id":"https:\/\/www.koduluks.ee\/toode\/bitz-hoiustamise-anum-suur\/","url":"https:\/\/www.koduluks.ee\/toode\/bitz-hoiustamise-anum-suur\/","name":"BITZ hoiustamise anum (suur) - Koduluks","isPartOf":{"@id":"https:\/\/www.koduluks.ee\/#website"},"primaryImageOfPage":{"@id":"https:\/\/www.koduluks.ee\/toode\/bitz-hoiustamise-anum-suur\/#primaryimage"},"image":{"@id":"https:\/\/www.koduluks.ee\/toode\/bitz-hoiustamise-anum-suur\/#primaryimage"},"thumbnailUrl":"https:\/\/www.koduluks.ee\/wp-content\/uploads\/2022\/08\/12492.jpg","datePublished":"2022-08-23T07:58:59+00:00","dateModified":"2026-02-26T09:30:11+00:00","description":"Stiilne ja funktsionaalne keraamiline purk tammekaanega Bitz br\u00e4ndilt. Mahutavus 1450 ml. V\u00e4rvuselt kreemikas mattv\u00e4rv. Ideaalne disaintoode k\u00f6\u00f6ki!","breadcrumb":{"@id":"https:\/\/www.koduluks.ee\/toode\/bitz-hoiustamise-anum-suur\/#breadcrumb"},"inLanguage":"ru-RU","potentialAction":[{"@type":"ReadAction","target":["https:\/\/www.koduluks.ee\/toode\/bitz-hoiustamise-anum-suur\/"]}]},{"@type":"ImageObject","inLanguage":"ru-RU","@id":"https:\/\/www.koduluks.ee\/toode\/bitz-hoiustamise-anum-suur\/#primaryimage","url":"https:\/\/www.koduluks.ee\/wp-content\/uploads\/2022\/08\/12492.jpg","contentUrl":"https:\/\/www.koduluks.ee\/wp-content\/uploads\/2022\/08\/12492.jpg","width":1024,"height":768,"caption":"koduluks"},{"@type":"BreadcrumbList","@id":"https:\/\/www.koduluks.ee\/toode\/bitz-hoiustamise-anum-suur\/#breadcrumb","itemListElement":[{"@type":"ListItem","position":1,"name":"Home","item":"https:\/\/www.koduluks.ee\/ru\/"},{"@type":"ListItem","position":2,"name":"\u041c\u0430\u0433\u0430\u0437\u0438\u043d","item":"https:\/\/www.koduluks.ee\/pood\/"},{"@type":"ListItem","position":3,"name":"BITZ hoiustamise anum (suur)"}]},{"@type":"WebSite","@id":"https:\/\/www.koduluks.ee\/#website","url":"https:\/\/www.koduluks.ee\/","name":"Koduluks","description":"","publisher":{"@id":"https:\/\/www.koduluks.ee\/#organization"},"potentialAction":[{"@type":"SearchAction","target":{"@type":"EntryPoint","urlTemplate":"https:\/\/www.koduluks.ee\/?s={search_term_string}"},"query-input":{"@type":"PropertyValueSpecification","valueRequired":true,"valueName":"search_term_string"}}],"inLanguage":"ru-RU"},{"@type":"Organization","@id":"https:\/\/www.koduluks.ee\/#organization","name":"Koduluks","url":"https:\/\/www.koduluks.ee\/","logo":{"@type":"ImageObject","inLanguage":"ru-RU","@id":"https:\/\/www.koduluks.ee\/#\/schema\/logo\/image\/","url":"https:\/\/www.koduluks.ee\/wp-content\/uploads\/2018\/10\/koduluks_logo.svg","contentUrl":"https:\/\/www.koduluks.ee\/wp-content\/uploads\/2018\/10\/koduluks_logo.svg","width":117,"height":32,"caption":"Koduluks"},"image":{"@id":"https:\/\/www.koduluks.ee\/#\/schema\/logo\/image\/"}}]}},"_links":{"self":[{"href":"https:\/\/www.koduluks.ee\/ru\/wp-json\/wp\/v2\/product\/2854","targetHints":{"allow":["GET"]}}],"collection":[{"href":"https:\/\/www.koduluks.ee\/ru\/wp-json\/wp\/v2\/product"}],"about":[{"href":"https:\/\/www.koduluks.ee\/ru\/wp-json\/wp\/v2\/types\/product"}],"wp:featuredmedia":[{"embeddable":true,"href":"https:\/\/www.koduluks.ee\/ru\/wp-json\/wp\/v2\/media\/2848"}],"wp:attachment":[{"href":"https:\/\/www.koduluks.ee\/ru\/wp-json\/wp\/v2\/media?parent=2854"}],"wp:term":[{"taxonomy":"product_brand","embeddable":true,"href":"https:\/\/www.koduluks.ee\/ru\/wp-json\/wp\/v2\/product_brand?post=2854"},{"taxonomy":"product_cat","embeddable":true,"href":"https:\/\/www.koduluks.ee\/ru\/wp-json\/wp\/v2\/product_cat?post=2854"},{"taxonomy":"product_tag","embeddable":true,"href":"https:\/\/www.koduluks.ee\/ru\/wp-json\/wp\/v2\/product_tag?post=2854"}],"curies":[{"name":"wp","href":"https:\/\/api.w.org\/{rel}","templated":true}]}}