{"id":2768,"date":"2022-08-23T09:33:25","date_gmt":"2022-08-23T07:33:25","guid":{"rendered":"https:\/\/www.koduluks.ee\/?post_type=product&#038;p=2768"},"modified":"2023-08-21T15:05:31","modified_gmt":"2023-08-21T13:05:31","slug":"umar-seinapeegel-must","status":"publish","type":"product","link":"https:\/\/www.koduluks.ee\/ru\/product\/umar-seinapeegel-must\/","title":{"rendered":"\u00dcmar seinapeegel (must)"},"content":{"rendered":"<p><img loading=\"lazy\" decoding=\"async\" width=\"250\" height=\"188\" class=\"alignnone size-medium wp-image-2769\" src=\"https:\/\/www.koduluks.ee\/wp-content\/uploads\/2022\/08\/332028-250x188.jpg\" alt=\"\" srcset=\"https:\/\/www.koduluks.ee\/wp-content\/uploads\/2022\/08\/332028-250x188.jpg 250w, https:\/\/www.koduluks.ee\/wp-content\/uploads\/2022\/08\/332028-700x525.jpg 700w, https:\/\/www.koduluks.ee\/wp-content\/uploads\/2022\/08\/332028-768x576.jpg 768w, https:\/\/www.koduluks.ee\/wp-content\/uploads\/2022\/08\/332028-120x90.jpg 120w, https:\/\/www.koduluks.ee\/wp-content\/uploads\/2022\/08\/332028-600x450.jpg 600w, https:\/\/www.koduluks.ee\/wp-content\/uploads\/2022\/08\/332028.jpg 1024w\" sizes=\"auto, (max-width: 250px) 100vw, 250px\" \/> <img loading=\"lazy\" decoding=\"async\" width=\"250\" height=\"188\" class=\"alignnone size-medium wp-image-2772\" src=\"https:\/\/www.koduluks.ee\/wp-content\/uploads\/2022\/08\/332028_env-250x188.jpg\" alt=\"\" srcset=\"https:\/\/www.koduluks.ee\/wp-content\/uploads\/2022\/08\/332028_env-250x188.jpg 250w, https:\/\/www.koduluks.ee\/wp-content\/uploads\/2022\/08\/332028_env-700x525.jpg 700w, https:\/\/www.koduluks.ee\/wp-content\/uploads\/2022\/08\/332028_env-768x576.jpg 768w, https:\/\/www.koduluks.ee\/wp-content\/uploads\/2022\/08\/332028_env-120x90.jpg 120w, https:\/\/www.koduluks.ee\/wp-content\/uploads\/2022\/08\/332028_env-600x450.jpg 600w, https:\/\/www.koduluks.ee\/wp-content\/uploads\/2022\/08\/332028_env.jpg 1024w\" sizes=\"auto, (max-width: 250px) 100vw, 250px\" \/> <img loading=\"lazy\" decoding=\"async\" width=\"250\" height=\"188\" class=\"alignnone size-medium wp-image-2775\" src=\"https:\/\/www.koduluks.ee\/wp-content\/uploads\/2022\/08\/332028_env_1-250x188.jpg\" alt=\"\" srcset=\"https:\/\/www.koduluks.ee\/wp-content\/uploads\/2022\/08\/332028_env_1-250x188.jpg 250w, https:\/\/www.koduluks.ee\/wp-content\/uploads\/2022\/08\/332028_env_1-700x525.jpg 700w, https:\/\/www.koduluks.ee\/wp-content\/uploads\/2022\/08\/332028_env_1-768x576.jpg 768w, https:\/\/www.koduluks.ee\/wp-content\/uploads\/2022\/08\/332028_env_1-120x90.jpg 120w, https:\/\/www.koduluks.ee\/wp-content\/uploads\/2022\/08\/332028_env_1-600x450.jpg 600w, https:\/\/www.koduluks.ee\/wp-content\/uploads\/2022\/08\/332028_env_1.jpg 1024w\" sizes=\"auto, (max-width: 250px) 100vw, 250px\" \/><\/p>\n","protected":false},"excerpt":{"rendered":"&#171;Hooked on Rings&#187; on seinapeegel, mis annab illusiooni, et peegel justkui h\u00f5ljub oma raamis. Peegli raam on valmistatud pulberv\u00e4rvitud terasest, mille l\u00e4bim\u00f5\u00f5t on 50 cm.\r\nHooked on Rings on peegel, mis on ilus nii saalis, magamistoas kui ka vannitoas.","protected":false},"featured_media":2769,"template":"","meta":{"_acf_changed":false,"inline_featured_image":false},"product_brand":[],"product_cat":[72],"product_tag":[],"class_list":{"0":"post-2768","1":"product","2":"type-product","3":"status-publish","4":"has-post-thumbnail","6":"product_cat-zone-denmark","8":"first","9":"instock","10":"taxable","11":"shipping-taxable","12":"purchasable","13":"product-type-simple"},"acf":[],"yoast_head":"<!-- This site is optimized with the Yoast SEO plugin v27.2 - https:\/\/yoast.com\/product\/yoast-seo-wordpress\/ -->\n<title>\u00dcmar seinapeegel (must) - Koduluks<\/title>\n<meta name=\"description\" content=\"Avasta ainulaadne &quot;Hooked on Rings&quot; seinapeegel. Illusioon h\u00f5ljuvast peeglist - kaunis ja mitmek\u00fclgne interj\u00f6\u00f6ri lisand igasse ruumi.\" \/>\n<meta name=\"robots\" content=\"noindex, follow\" \/>\n<meta property=\"og:locale\" content=\"ru_RU\" \/>\n<meta property=\"og:type\" content=\"article\" \/>\n<meta property=\"og:title\" content=\"\u00dcmar seinapeegel (must) - Koduluks\" \/>\n<meta property=\"og:description\" content=\"Avasta ainulaadne &quot;Hooked on Rings&quot; seinapeegel. Illusioon h\u00f5ljuvast peeglist - kaunis ja mitmek\u00fclgne interj\u00f6\u00f6ri lisand igasse ruumi.\" \/>\n<meta property=\"og:url\" content=\"https:\/\/www.koduluks.ee\/toode\/umar-seinapeegel-must\/\" \/>\n<meta property=\"og:site_name\" content=\"Koduluks\" \/>\n<meta property=\"article:modified_time\" content=\"2023-08-21T13:05:31+00:00\" \/>\n<meta property=\"og:image\" content=\"https:\/\/www.koduluks.ee\/wp-content\/uploads\/2022\/08\/332028.jpg\" \/>\n\t<meta property=\"og:image:width\" content=\"1024\" \/>\n\t<meta property=\"og:image:height\" content=\"768\" \/>\n\t<meta property=\"og:image:type\" content=\"image\/jpeg\" \/>\n<meta name=\"twitter:card\" content=\"summary_large_image\" \/>\n<meta name=\"twitter:label1\" content=\"\u041f\u0440\u0438\u043c\u0435\u0440\u043d\u043e\u0435 \u0432\u0440\u0435\u043c\u044f \u0434\u043b\u044f \u0447\u0442\u0435\u043d\u0438\u044f\" \/>\n\t<meta name=\"twitter:data1\" content=\"1 \u043c\u0438\u043d\u0443\u0442\u0430\" \/>\n<script type=\"application\/ld+json\" class=\"yoast-schema-graph\">{\"@context\":\"https:\/\/schema.org\",\"@graph\":[{\"@type\":\"WebPage\",\"@id\":\"https:\/\/www.koduluks.ee\/toode\/umar-seinapeegel-must\/\",\"url\":\"https:\/\/www.koduluks.ee\/toode\/umar-seinapeegel-must\/\",\"name\":\"\u00dcmar seinapeegel (must) - Koduluks\",\"isPartOf\":{\"@id\":\"https:\/\/www.koduluks.ee\/#website\"},\"primaryImageOfPage\":{\"@id\":\"https:\/\/www.koduluks.ee\/toode\/umar-seinapeegel-must\/#primaryimage\"},\"image\":{\"@id\":\"https:\/\/www.koduluks.ee\/toode\/umar-seinapeegel-must\/#primaryimage\"},\"thumbnailUrl\":\"https:\/\/www.koduluks.ee\/wp-content\/uploads\/2022\/08\/332028.jpg\",\"datePublished\":\"2022-08-23T07:33:25+00:00\",\"dateModified\":\"2023-08-21T13:05:31+00:00\",\"description\":\"Avasta ainulaadne \\\"Hooked on Rings\\\" seinapeegel. Illusioon h\u00f5ljuvast peeglist - kaunis ja mitmek\u00fclgne interj\u00f6\u00f6ri lisand igasse ruumi.\",\"breadcrumb\":{\"@id\":\"https:\/\/www.koduluks.ee\/toode\/umar-seinapeegel-must\/#breadcrumb\"},\"inLanguage\":\"ru-RU\",\"potentialAction\":[{\"@type\":\"ReadAction\",\"target\":[\"https:\/\/www.koduluks.ee\/toode\/umar-seinapeegel-must\/\"]}]},{\"@type\":\"ImageObject\",\"inLanguage\":\"ru-RU\",\"@id\":\"https:\/\/www.koduluks.ee\/toode\/umar-seinapeegel-must\/#primaryimage\",\"url\":\"https:\/\/www.koduluks.ee\/wp-content\/uploads\/2022\/08\/332028.jpg\",\"contentUrl\":\"https:\/\/www.koduluks.ee\/wp-content\/uploads\/2022\/08\/332028.jpg\",\"width\":1024,\"height\":768,\"caption\":\"koduluks\"},{\"@type\":\"BreadcrumbList\",\"@id\":\"https:\/\/www.koduluks.ee\/toode\/umar-seinapeegel-must\/#breadcrumb\",\"itemListElement\":[{\"@type\":\"ListItem\",\"position\":1,\"name\":\"Home\",\"item\":\"https:\/\/www.koduluks.ee\/ru\/\"},{\"@type\":\"ListItem\",\"position\":2,\"name\":\"\u041c\u0430\u0433\u0430\u0437\u0438\u043d\",\"item\":\"https:\/\/www.koduluks.ee\/pood\/\"},{\"@type\":\"ListItem\",\"position\":3,\"name\":\"\u00dcmar seinapeegel (must)\"}]},{\"@type\":\"WebSite\",\"@id\":\"https:\/\/www.koduluks.ee\/#website\",\"url\":\"https:\/\/www.koduluks.ee\/\",\"name\":\"Koduluks\",\"description\":\"\",\"publisher\":{\"@id\":\"https:\/\/www.koduluks.ee\/#organization\"},\"potentialAction\":[{\"@type\":\"SearchAction\",\"target\":{\"@type\":\"EntryPoint\",\"urlTemplate\":\"https:\/\/www.koduluks.ee\/?s={search_term_string}\"},\"query-input\":{\"@type\":\"PropertyValueSpecification\",\"valueRequired\":true,\"valueName\":\"search_term_string\"}}],\"inLanguage\":\"ru-RU\"},{\"@type\":\"Organization\",\"@id\":\"https:\/\/www.koduluks.ee\/#organization\",\"name\":\"Koduluks\",\"url\":\"https:\/\/www.koduluks.ee\/\",\"logo\":{\"@type\":\"ImageObject\",\"inLanguage\":\"ru-RU\",\"@id\":\"https:\/\/www.koduluks.ee\/#\/schema\/logo\/image\/\",\"url\":\"https:\/\/www.koduluks.ee\/wp-content\/uploads\/2018\/10\/koduluks_logo.svg\",\"contentUrl\":\"https:\/\/www.koduluks.ee\/wp-content\/uploads\/2018\/10\/koduluks_logo.svg\",\"width\":117,\"height\":32,\"caption\":\"Koduluks\"},\"image\":{\"@id\":\"https:\/\/www.koduluks.ee\/#\/schema\/logo\/image\/\"}}]}<\/script>\n<!-- \/ Yoast SEO plugin. -->","yoast_head_json":{"title":"\u00dcmar seinapeegel (must) - Koduluks","description":"Avasta ainulaadne \"Hooked on Rings\" seinapeegel. Illusioon h\u00f5ljuvast peeglist - kaunis ja mitmek\u00fclgne interj\u00f6\u00f6ri lisand igasse ruumi.","robots":{"index":"noindex","follow":"follow"},"og_locale":"ru_RU","og_type":"article","og_title":"\u00dcmar seinapeegel (must) - Koduluks","og_description":"Avasta ainulaadne \"Hooked on Rings\" seinapeegel. Illusioon h\u00f5ljuvast peeglist - kaunis ja mitmek\u00fclgne interj\u00f6\u00f6ri lisand igasse ruumi.","og_url":"https:\/\/www.koduluks.ee\/toode\/umar-seinapeegel-must\/","og_site_name":"Koduluks","article_modified_time":"2023-08-21T13:05:31+00:00","og_image":[{"width":1024,"height":768,"url":"https:\/\/www.koduluks.ee\/wp-content\/uploads\/2022\/08\/332028.jpg","type":"image\/jpeg"}],"twitter_card":"summary_large_image","twitter_misc":{"\u041f\u0440\u0438\u043c\u0435\u0440\u043d\u043e\u0435 \u0432\u0440\u0435\u043c\u044f \u0434\u043b\u044f \u0447\u0442\u0435\u043d\u0438\u044f":"1 \u043c\u0438\u043d\u0443\u0442\u0430"},"schema":{"@context":"https:\/\/schema.org","@graph":[{"@type":"WebPage","@id":"https:\/\/www.koduluks.ee\/toode\/umar-seinapeegel-must\/","url":"https:\/\/www.koduluks.ee\/toode\/umar-seinapeegel-must\/","name":"\u00dcmar seinapeegel (must) - Koduluks","isPartOf":{"@id":"https:\/\/www.koduluks.ee\/#website"},"primaryImageOfPage":{"@id":"https:\/\/www.koduluks.ee\/toode\/umar-seinapeegel-must\/#primaryimage"},"image":{"@id":"https:\/\/www.koduluks.ee\/toode\/umar-seinapeegel-must\/#primaryimage"},"thumbnailUrl":"https:\/\/www.koduluks.ee\/wp-content\/uploads\/2022\/08\/332028.jpg","datePublished":"2022-08-23T07:33:25+00:00","dateModified":"2023-08-21T13:05:31+00:00","description":"Avasta ainulaadne \"Hooked on Rings\" seinapeegel. Illusioon h\u00f5ljuvast peeglist - kaunis ja mitmek\u00fclgne interj\u00f6\u00f6ri lisand igasse ruumi.","breadcrumb":{"@id":"https:\/\/www.koduluks.ee\/toode\/umar-seinapeegel-must\/#breadcrumb"},"inLanguage":"ru-RU","potentialAction":[{"@type":"ReadAction","target":["https:\/\/www.koduluks.ee\/toode\/umar-seinapeegel-must\/"]}]},{"@type":"ImageObject","inLanguage":"ru-RU","@id":"https:\/\/www.koduluks.ee\/toode\/umar-seinapeegel-must\/#primaryimage","url":"https:\/\/www.koduluks.ee\/wp-content\/uploads\/2022\/08\/332028.jpg","contentUrl":"https:\/\/www.koduluks.ee\/wp-content\/uploads\/2022\/08\/332028.jpg","width":1024,"height":768,"caption":"koduluks"},{"@type":"BreadcrumbList","@id":"https:\/\/www.koduluks.ee\/toode\/umar-seinapeegel-must\/#breadcrumb","itemListElement":[{"@type":"ListItem","position":1,"name":"Home","item":"https:\/\/www.koduluks.ee\/ru\/"},{"@type":"ListItem","position":2,"name":"\u041c\u0430\u0433\u0430\u0437\u0438\u043d","item":"https:\/\/www.koduluks.ee\/pood\/"},{"@type":"ListItem","position":3,"name":"\u00dcmar seinapeegel (must)"}]},{"@type":"WebSite","@id":"https:\/\/www.koduluks.ee\/#website","url":"https:\/\/www.koduluks.ee\/","name":"Koduluks","description":"","publisher":{"@id":"https:\/\/www.koduluks.ee\/#organization"},"potentialAction":[{"@type":"SearchAction","target":{"@type":"EntryPoint","urlTemplate":"https:\/\/www.koduluks.ee\/?s={search_term_string}"},"query-input":{"@type":"PropertyValueSpecification","valueRequired":true,"valueName":"search_term_string"}}],"inLanguage":"ru-RU"},{"@type":"Organization","@id":"https:\/\/www.koduluks.ee\/#organization","name":"Koduluks","url":"https:\/\/www.koduluks.ee\/","logo":{"@type":"ImageObject","inLanguage":"ru-RU","@id":"https:\/\/www.koduluks.ee\/#\/schema\/logo\/image\/","url":"https:\/\/www.koduluks.ee\/wp-content\/uploads\/2018\/10\/koduluks_logo.svg","contentUrl":"https:\/\/www.koduluks.ee\/wp-content\/uploads\/2018\/10\/koduluks_logo.svg","width":117,"height":32,"caption":"Koduluks"},"image":{"@id":"https:\/\/www.koduluks.ee\/#\/schema\/logo\/image\/"}}]}},"_links":{"self":[{"href":"https:\/\/www.koduluks.ee\/ru\/wp-json\/wp\/v2\/product\/2768","targetHints":{"allow":["GET"]}}],"collection":[{"href":"https:\/\/www.koduluks.ee\/ru\/wp-json\/wp\/v2\/product"}],"about":[{"href":"https:\/\/www.koduluks.ee\/ru\/wp-json\/wp\/v2\/types\/product"}],"wp:featuredmedia":[{"embeddable":true,"href":"https:\/\/www.koduluks.ee\/ru\/wp-json\/wp\/v2\/media\/2769"}],"wp:attachment":[{"href":"https:\/\/www.koduluks.ee\/ru\/wp-json\/wp\/v2\/media?parent=2768"}],"wp:term":[{"taxonomy":"product_brand","embeddable":true,"href":"https:\/\/www.koduluks.ee\/ru\/wp-json\/wp\/v2\/product_brand?post=2768"},{"taxonomy":"product_cat","embeddable":true,"href":"https:\/\/www.koduluks.ee\/ru\/wp-json\/wp\/v2\/product_cat?post=2768"},{"taxonomy":"product_tag","embeddable":true,"href":"https:\/\/www.koduluks.ee\/ru\/wp-json\/wp\/v2\/product_tag?post=2768"}],"curies":[{"name":"wp","href":"https:\/\/api.w.org\/{rel}","templated":true}]}}