{"id":2693,"date":"2022-08-22T15:26:01","date_gmt":"2022-08-22T13:26:01","guid":{"rendered":"https:\/\/www.koduluks.ee\/?post_type=product&#038;p=2693"},"modified":"2025-07-08T08:43:08","modified_gmt":"2025-07-08T06:43:08","slug":"laternate-komplekt-almaco","status":"publish","type":"product","link":"https:\/\/www.koduluks.ee\/ru\/product\/laternate-komplekt-almaco\/","title":{"rendered":"Laternate komplekt Almaco"},"content":{"rendered":"<p><img loading=\"lazy\" decoding=\"async\" width=\"250\" height=\"187\" class=\"alignnone size-medium wp-image-2714\" src=\"https:\/\/www.koduluks.ee\/wp-content\/uploads\/2022\/08\/26302_1_high-250x187.jpg\" alt=\"\" srcset=\"https:\/\/www.koduluks.ee\/wp-content\/uploads\/2022\/08\/26302_1_high-250x187.jpg 250w, https:\/\/www.koduluks.ee\/wp-content\/uploads\/2022\/08\/26302_1_high-700x525.jpg 700w, https:\/\/www.koduluks.ee\/wp-content\/uploads\/2022\/08\/26302_1_high-768x576.jpg 768w, https:\/\/www.koduluks.ee\/wp-content\/uploads\/2022\/08\/26302_1_high-1536x1152.jpg 1536w, https:\/\/www.koduluks.ee\/wp-content\/uploads\/2022\/08\/26302_1_high-2048x1536.jpg 2048w, https:\/\/www.koduluks.ee\/wp-content\/uploads\/2022\/08\/26302_1_high-120x90.jpg 120w, https:\/\/www.koduluks.ee\/wp-content\/uploads\/2022\/08\/26302_1_high-600x450.jpg 600w\" sizes=\"auto, (max-width: 250px) 100vw, 250px\" \/> <img loading=\"lazy\" decoding=\"async\" width=\"250\" height=\"188\" class=\"alignnone size-medium wp-image-2717\" src=\"https:\/\/www.koduluks.ee\/wp-content\/uploads\/2022\/08\/26302_FG22_high-250x188.jpg\" alt=\"\" srcset=\"https:\/\/www.koduluks.ee\/wp-content\/uploads\/2022\/08\/26302_FG22_high-250x188.jpg 250w, https:\/\/www.koduluks.ee\/wp-content\/uploads\/2022\/08\/26302_FG22_high-700x525.jpg 700w, https:\/\/www.koduluks.ee\/wp-content\/uploads\/2022\/08\/26302_FG22_high-768x576.jpg 768w, https:\/\/www.koduluks.ee\/wp-content\/uploads\/2022\/08\/26302_FG22_high-1536x1152.jpg 1536w, https:\/\/www.koduluks.ee\/wp-content\/uploads\/2022\/08\/26302_FG22_high-2048x1536.jpg 2048w, https:\/\/www.koduluks.ee\/wp-content\/uploads\/2022\/08\/26302_FG22_high-120x90.jpg 120w, https:\/\/www.koduluks.ee\/wp-content\/uploads\/2022\/08\/26302_FG22_high-600x450.jpg 600w\" sizes=\"auto, (max-width: 250px) 100vw, 250px\" \/><\/p>\n","protected":false},"excerpt":{"rendered":"<strong>Aristo Almaco Siseruumi laternate komplekt<\/strong>\r\n\r\nToote t\u00fc\u00fcp: laternate komplekt\r\nMaterjal: raud\r\nV\u00e4rvus: Must\r\nSeeria:\u00a0 Alcamo\r\nBr\u00e4nd:\u00a0 Aristo","protected":false},"featured_media":2714,"template":"","meta":{"_acf_changed":false,"inline_featured_image":false},"product_brand":[],"product_cat":[74],"product_tag":[],"class_list":{"0":"post-2693","1":"product","2":"type-product","3":"status-publish","4":"has-post-thumbnail","6":"product_cat-villa","8":"first","9":"instock","10":"taxable","11":"shipping-taxable","12":"purchasable","13":"product-type-simple"},"acf":[],"yoast_head":"<!-- This site is optimized with the Yoast SEO plugin v27.2 - https:\/\/yoast.com\/product\/yoast-seo-wordpress\/ -->\n<title>Laternate komplekt Almaco - Koduluks<\/title>\n<meta name=\"description\" content=\"Laternate komplekt Almaco. T\u00e4iusta oma sisekujundust elegantselt rauast laternatega. Osta laternad meie e-poest juba t\u00e4na!\" \/>\n<meta name=\"robots\" content=\"noindex, follow\" \/>\n<meta property=\"og:locale\" content=\"ru_RU\" \/>\n<meta property=\"og:type\" content=\"article\" \/>\n<meta property=\"og:title\" content=\"Laternate komplekt Almaco - Koduluks\" \/>\n<meta property=\"og:description\" content=\"Laternate komplekt Almaco. T\u00e4iusta oma sisekujundust elegantselt rauast laternatega. Osta laternad meie e-poest juba t\u00e4na!\" \/>\n<meta property=\"og:url\" content=\"https:\/\/www.koduluks.ee\/toode\/laternate-komplekt-almaco\/\" \/>\n<meta property=\"og:site_name\" content=\"Koduluks\" \/>\n<meta property=\"article:modified_time\" content=\"2025-07-08T06:43:08+00:00\" \/>\n<meta property=\"og:image\" content=\"https:\/\/www.koduluks.ee\/wp-content\/uploads\/2022\/08\/26302_1_high-scaled.jpg\" \/>\n\t<meta property=\"og:image:width\" content=\"2560\" \/>\n\t<meta property=\"og:image:height\" content=\"1920\" \/>\n\t<meta property=\"og:image:type\" content=\"image\/jpeg\" \/>\n<meta name=\"twitter:card\" content=\"summary_large_image\" \/>\n<meta name=\"twitter:label1\" content=\"\u041f\u0440\u0438\u043c\u0435\u0440\u043d\u043e\u0435 \u0432\u0440\u0435\u043c\u044f \u0434\u043b\u044f \u0447\u0442\u0435\u043d\u0438\u044f\" \/>\n\t<meta name=\"twitter:data1\" content=\"1 \u043c\u0438\u043d\u0443\u0442\u0430\" \/>\n<script type=\"application\/ld+json\" class=\"yoast-schema-graph\">{\"@context\":\"https:\/\/schema.org\",\"@graph\":[{\"@type\":\"WebPage\",\"@id\":\"https:\/\/www.koduluks.ee\/toode\/laternate-komplekt-almaco\/\",\"url\":\"https:\/\/www.koduluks.ee\/toode\/laternate-komplekt-almaco\/\",\"name\":\"Laternate komplekt Almaco - Koduluks\",\"isPartOf\":{\"@id\":\"https:\/\/www.koduluks.ee\/#website\"},\"primaryImageOfPage\":{\"@id\":\"https:\/\/www.koduluks.ee\/toode\/laternate-komplekt-almaco\/#primaryimage\"},\"image\":{\"@id\":\"https:\/\/www.koduluks.ee\/toode\/laternate-komplekt-almaco\/#primaryimage\"},\"thumbnailUrl\":\"https:\/\/www.koduluks.ee\/wp-content\/uploads\/2022\/08\/26302_1_high-scaled.jpg\",\"datePublished\":\"2022-08-22T13:26:01+00:00\",\"dateModified\":\"2025-07-08T06:43:08+00:00\",\"description\":\"Laternate komplekt Almaco. T\u00e4iusta oma sisekujundust elegantselt rauast laternatega. Osta laternad meie e-poest juba t\u00e4na!\",\"breadcrumb\":{\"@id\":\"https:\/\/www.koduluks.ee\/toode\/laternate-komplekt-almaco\/#breadcrumb\"},\"inLanguage\":\"ru-RU\",\"potentialAction\":[{\"@type\":\"ReadAction\",\"target\":[\"https:\/\/www.koduluks.ee\/toode\/laternate-komplekt-almaco\/\"]}]},{\"@type\":\"ImageObject\",\"inLanguage\":\"ru-RU\",\"@id\":\"https:\/\/www.koduluks.ee\/toode\/laternate-komplekt-almaco\/#primaryimage\",\"url\":\"https:\/\/www.koduluks.ee\/wp-content\/uploads\/2022\/08\/26302_1_high-scaled.jpg\",\"contentUrl\":\"https:\/\/www.koduluks.ee\/wp-content\/uploads\/2022\/08\/26302_1_high-scaled.jpg\",\"width\":2560,\"height\":1920,\"caption\":\"koduluks latern puidust \u00f5uem\u00f6\u00f6bel aiam\u00f6\u00f6bel aia akssessuaari\"},{\"@type\":\"BreadcrumbList\",\"@id\":\"https:\/\/www.koduluks.ee\/toode\/laternate-komplekt-almaco\/#breadcrumb\",\"itemListElement\":[{\"@type\":\"ListItem\",\"position\":1,\"name\":\"Home\",\"item\":\"https:\/\/www.koduluks.ee\/ru\/\"},{\"@type\":\"ListItem\",\"position\":2,\"name\":\"\u041c\u0430\u0433\u0430\u0437\u0438\u043d\",\"item\":\"https:\/\/www.koduluks.ee\/pood\/\"},{\"@type\":\"ListItem\",\"position\":3,\"name\":\"Laternate komplekt Almaco\"}]},{\"@type\":\"WebSite\",\"@id\":\"https:\/\/www.koduluks.ee\/#website\",\"url\":\"https:\/\/www.koduluks.ee\/\",\"name\":\"Koduluks\",\"description\":\"\",\"publisher\":{\"@id\":\"https:\/\/www.koduluks.ee\/#organization\"},\"potentialAction\":[{\"@type\":\"SearchAction\",\"target\":{\"@type\":\"EntryPoint\",\"urlTemplate\":\"https:\/\/www.koduluks.ee\/?s={search_term_string}\"},\"query-input\":{\"@type\":\"PropertyValueSpecification\",\"valueRequired\":true,\"valueName\":\"search_term_string\"}}],\"inLanguage\":\"ru-RU\"},{\"@type\":\"Organization\",\"@id\":\"https:\/\/www.koduluks.ee\/#organization\",\"name\":\"Koduluks\",\"url\":\"https:\/\/www.koduluks.ee\/\",\"logo\":{\"@type\":\"ImageObject\",\"inLanguage\":\"ru-RU\",\"@id\":\"https:\/\/www.koduluks.ee\/#\/schema\/logo\/image\/\",\"url\":\"https:\/\/www.koduluks.ee\/wp-content\/uploads\/2018\/10\/koduluks_logo.svg\",\"contentUrl\":\"https:\/\/www.koduluks.ee\/wp-content\/uploads\/2018\/10\/koduluks_logo.svg\",\"width\":117,\"height\":32,\"caption\":\"Koduluks\"},\"image\":{\"@id\":\"https:\/\/www.koduluks.ee\/#\/schema\/logo\/image\/\"}}]}<\/script>\n<!-- \/ Yoast SEO plugin. -->","yoast_head_json":{"title":"Laternate komplekt Almaco - Koduluks","description":"Laternate komplekt Almaco. T\u00e4iusta oma sisekujundust elegantselt rauast laternatega. Osta laternad meie e-poest juba t\u00e4na!","robots":{"index":"noindex","follow":"follow"},"og_locale":"ru_RU","og_type":"article","og_title":"Laternate komplekt Almaco - Koduluks","og_description":"Laternate komplekt Almaco. T\u00e4iusta oma sisekujundust elegantselt rauast laternatega. Osta laternad meie e-poest juba t\u00e4na!","og_url":"https:\/\/www.koduluks.ee\/toode\/laternate-komplekt-almaco\/","og_site_name":"Koduluks","article_modified_time":"2025-07-08T06:43:08+00:00","og_image":[{"width":2560,"height":1920,"url":"https:\/\/www.koduluks.ee\/wp-content\/uploads\/2022\/08\/26302_1_high-scaled.jpg","type":"image\/jpeg"}],"twitter_card":"summary_large_image","twitter_misc":{"\u041f\u0440\u0438\u043c\u0435\u0440\u043d\u043e\u0435 \u0432\u0440\u0435\u043c\u044f \u0434\u043b\u044f \u0447\u0442\u0435\u043d\u0438\u044f":"1 \u043c\u0438\u043d\u0443\u0442\u0430"},"schema":{"@context":"https:\/\/schema.org","@graph":[{"@type":"WebPage","@id":"https:\/\/www.koduluks.ee\/toode\/laternate-komplekt-almaco\/","url":"https:\/\/www.koduluks.ee\/toode\/laternate-komplekt-almaco\/","name":"Laternate komplekt Almaco - Koduluks","isPartOf":{"@id":"https:\/\/www.koduluks.ee\/#website"},"primaryImageOfPage":{"@id":"https:\/\/www.koduluks.ee\/toode\/laternate-komplekt-almaco\/#primaryimage"},"image":{"@id":"https:\/\/www.koduluks.ee\/toode\/laternate-komplekt-almaco\/#primaryimage"},"thumbnailUrl":"https:\/\/www.koduluks.ee\/wp-content\/uploads\/2022\/08\/26302_1_high-scaled.jpg","datePublished":"2022-08-22T13:26:01+00:00","dateModified":"2025-07-08T06:43:08+00:00","description":"Laternate komplekt Almaco. T\u00e4iusta oma sisekujundust elegantselt rauast laternatega. Osta laternad meie e-poest juba t\u00e4na!","breadcrumb":{"@id":"https:\/\/www.koduluks.ee\/toode\/laternate-komplekt-almaco\/#breadcrumb"},"inLanguage":"ru-RU","potentialAction":[{"@type":"ReadAction","target":["https:\/\/www.koduluks.ee\/toode\/laternate-komplekt-almaco\/"]}]},{"@type":"ImageObject","inLanguage":"ru-RU","@id":"https:\/\/www.koduluks.ee\/toode\/laternate-komplekt-almaco\/#primaryimage","url":"https:\/\/www.koduluks.ee\/wp-content\/uploads\/2022\/08\/26302_1_high-scaled.jpg","contentUrl":"https:\/\/www.koduluks.ee\/wp-content\/uploads\/2022\/08\/26302_1_high-scaled.jpg","width":2560,"height":1920,"caption":"koduluks latern puidust \u00f5uem\u00f6\u00f6bel aiam\u00f6\u00f6bel aia akssessuaari"},{"@type":"BreadcrumbList","@id":"https:\/\/www.koduluks.ee\/toode\/laternate-komplekt-almaco\/#breadcrumb","itemListElement":[{"@type":"ListItem","position":1,"name":"Home","item":"https:\/\/www.koduluks.ee\/ru\/"},{"@type":"ListItem","position":2,"name":"\u041c\u0430\u0433\u0430\u0437\u0438\u043d","item":"https:\/\/www.koduluks.ee\/pood\/"},{"@type":"ListItem","position":3,"name":"Laternate komplekt Almaco"}]},{"@type":"WebSite","@id":"https:\/\/www.koduluks.ee\/#website","url":"https:\/\/www.koduluks.ee\/","name":"Koduluks","description":"","publisher":{"@id":"https:\/\/www.koduluks.ee\/#organization"},"potentialAction":[{"@type":"SearchAction","target":{"@type":"EntryPoint","urlTemplate":"https:\/\/www.koduluks.ee\/?s={search_term_string}"},"query-input":{"@type":"PropertyValueSpecification","valueRequired":true,"valueName":"search_term_string"}}],"inLanguage":"ru-RU"},{"@type":"Organization","@id":"https:\/\/www.koduluks.ee\/#organization","name":"Koduluks","url":"https:\/\/www.koduluks.ee\/","logo":{"@type":"ImageObject","inLanguage":"ru-RU","@id":"https:\/\/www.koduluks.ee\/#\/schema\/logo\/image\/","url":"https:\/\/www.koduluks.ee\/wp-content\/uploads\/2018\/10\/koduluks_logo.svg","contentUrl":"https:\/\/www.koduluks.ee\/wp-content\/uploads\/2018\/10\/koduluks_logo.svg","width":117,"height":32,"caption":"Koduluks"},"image":{"@id":"https:\/\/www.koduluks.ee\/#\/schema\/logo\/image\/"}}]}},"_links":{"self":[{"href":"https:\/\/www.koduluks.ee\/ru\/wp-json\/wp\/v2\/product\/2693","targetHints":{"allow":["GET"]}}],"collection":[{"href":"https:\/\/www.koduluks.ee\/ru\/wp-json\/wp\/v2\/product"}],"about":[{"href":"https:\/\/www.koduluks.ee\/ru\/wp-json\/wp\/v2\/types\/product"}],"wp:featuredmedia":[{"embeddable":true,"href":"https:\/\/www.koduluks.ee\/ru\/wp-json\/wp\/v2\/media\/2714"}],"wp:attachment":[{"href":"https:\/\/www.koduluks.ee\/ru\/wp-json\/wp\/v2\/media?parent=2693"}],"wp:term":[{"taxonomy":"product_brand","embeddable":true,"href":"https:\/\/www.koduluks.ee\/ru\/wp-json\/wp\/v2\/product_brand?post=2693"},{"taxonomy":"product_cat","embeddable":true,"href":"https:\/\/www.koduluks.ee\/ru\/wp-json\/wp\/v2\/product_cat?post=2693"},{"taxonomy":"product_tag","embeddable":true,"href":"https:\/\/www.koduluks.ee\/ru\/wp-json\/wp\/v2\/product_tag?post=2693"}],"curies":[{"name":"wp","href":"https:\/\/api.w.org\/{rel}","templated":true}]}}