{"id":2631,"date":"2022-08-22T14:54:17","date_gmt":"2022-08-22T12:54:17","guid":{"rendered":"https:\/\/www.koduluks.ee\/?post_type=product&#038;p=2631"},"modified":"2025-08-29T09:25:12","modified_gmt":"2025-08-29T07:25:12","slug":"latern-amas-2","status":"publish","type":"product","link":"https:\/\/www.koduluks.ee\/ru\/product\/latern-amas-2\/","title":{"rendered":"Latern Amas (v\u00e4ike)"},"content":{"rendered":"<p><img loading=\"lazy\" decoding=\"async\" width=\"250\" height=\"188\" class=\"alignnone size-medium wp-image-2599\" src=\"https:\/\/www.koduluks.ee\/wp-content\/uploads\/2022\/08\/341012_env_1-250x188.jpg\" alt=\"\" srcset=\"https:\/\/www.koduluks.ee\/wp-content\/uploads\/2022\/08\/341012_env_1-250x188.jpg 250w, https:\/\/www.koduluks.ee\/wp-content\/uploads\/2022\/08\/341012_env_1-700x525.jpg 700w, https:\/\/www.koduluks.ee\/wp-content\/uploads\/2022\/08\/341012_env_1-768x576.jpg 768w, https:\/\/www.koduluks.ee\/wp-content\/uploads\/2022\/08\/341012_env_1-120x90.jpg 120w, https:\/\/www.koduluks.ee\/wp-content\/uploads\/2022\/08\/341012_env_1-600x450.jpg 600w, https:\/\/www.koduluks.ee\/wp-content\/uploads\/2022\/08\/341012_env_1.jpg 1024w\" sizes=\"auto, (max-width: 250px) 100vw, 250px\" \/> <img loading=\"lazy\" decoding=\"async\" width=\"250\" height=\"188\" class=\"alignnone size-medium wp-image-2602\" src=\"https:\/\/www.koduluks.ee\/wp-content\/uploads\/2022\/08\/341012_env_1_1702-250x188.jpg\" alt=\"\" srcset=\"https:\/\/www.koduluks.ee\/wp-content\/uploads\/2022\/08\/341012_env_1_1702-250x188.jpg 250w, https:\/\/www.koduluks.ee\/wp-content\/uploads\/2022\/08\/341012_env_1_1702-700x525.jpg 700w, https:\/\/www.koduluks.ee\/wp-content\/uploads\/2022\/08\/341012_env_1_1702-768x576.jpg 768w, https:\/\/www.koduluks.ee\/wp-content\/uploads\/2022\/08\/341012_env_1_1702-120x90.jpg 120w, https:\/\/www.koduluks.ee\/wp-content\/uploads\/2022\/08\/341012_env_1_1702-600x450.jpg 600w, https:\/\/www.koduluks.ee\/wp-content\/uploads\/2022\/08\/341012_env_1_1702.jpg 1024w\" sizes=\"auto, (max-width: 250px) 100vw, 250px\" \/> <img loading=\"lazy\" decoding=\"async\" width=\"250\" height=\"188\" class=\"alignnone size-medium wp-image-2596\" src=\"https:\/\/www.koduluks.ee\/wp-content\/uploads\/2022\/08\/341012_env_1_2201-250x188.jpg\" alt=\"\" srcset=\"https:\/\/www.koduluks.ee\/wp-content\/uploads\/2022\/08\/341012_env_1_2201-250x188.jpg 250w, https:\/\/www.koduluks.ee\/wp-content\/uploads\/2022\/08\/341012_env_1_2201-700x525.jpg 700w, https:\/\/www.koduluks.ee\/wp-content\/uploads\/2022\/08\/341012_env_1_2201-768x576.jpg 768w, https:\/\/www.koduluks.ee\/wp-content\/uploads\/2022\/08\/341012_env_1_2201-120x90.jpg 120w, https:\/\/www.koduluks.ee\/wp-content\/uploads\/2022\/08\/341012_env_1_2201-600x450.jpg 600w, https:\/\/www.koduluks.ee\/wp-content\/uploads\/2022\/08\/341012_env_1_2201.jpg 1024w\" sizes=\"auto, (max-width: 250px) 100vw, 250px\" \/><\/p>\n","protected":false},"excerpt":{"rendered":"Toote t\u00fc\u00fcp:\u00a0 Lantern\r\nMaterjal:\u00a0 Bambus\r\nV\u00e4rvus:\u00a0 Naturaalne\r\nDiameeter:\u00a0 29cm k\u00f5rgus: 35 cm\r\nSeeria: Amas\r\nBrand:\u00a0 Villa Collection","protected":false},"featured_media":2605,"template":"","meta":{"_acf_changed":false,"inline_featured_image":false},"product_brand":[],"product_cat":[74],"product_tag":[],"class_list":{"0":"post-2631","1":"product","2":"type-product","3":"status-publish","4":"has-post-thumbnail","6":"product_cat-villa","8":"first","9":"instock","10":"taxable","11":"shipping-taxable","12":"purchasable","13":"product-type-simple"},"acf":[],"yoast_head":"<!-- This site is optimized with the Yoast SEO plugin v27.2 - https:\/\/yoast.com\/product\/yoast-seo-wordpress\/ -->\n<title>Latern Amas (v\u00e4ike) - Koduluks<\/title>\n<meta name=\"description\" content=\"Bambusest Amas seeria latern. Looduslik v\u00e4limus, 29cm diameeter, 35cm k\u00f5rgus. Villa Collection br\u00e4ndi kollektsioonist!\" \/>\n<meta name=\"robots\" content=\"noindex, follow\" \/>\n<meta property=\"og:locale\" content=\"ru_RU\" \/>\n<meta property=\"og:type\" content=\"article\" \/>\n<meta property=\"og:title\" content=\"Latern Amas (v\u00e4ike) - Koduluks\" \/>\n<meta property=\"og:description\" content=\"Bambusest Amas seeria latern. Looduslik v\u00e4limus, 29cm diameeter, 35cm k\u00f5rgus. Villa Collection br\u00e4ndi kollektsioonist!\" \/>\n<meta property=\"og:url\" content=\"https:\/\/www.koduluks.ee\/toode\/latern-amas-2\/\" \/>\n<meta property=\"og:site_name\" content=\"Koduluks\" \/>\n<meta property=\"article:modified_time\" content=\"2025-08-29T07:25:12+00:00\" \/>\n<meta property=\"og:image\" content=\"https:\/\/www.koduluks.ee\/wp-content\/uploads\/2022\/08\/341012.jpg\" \/>\n\t<meta property=\"og:image:width\" content=\"1024\" \/>\n\t<meta property=\"og:image:height\" content=\"768\" \/>\n\t<meta property=\"og:image:type\" content=\"image\/jpeg\" \/>\n<meta name=\"twitter:card\" content=\"summary_large_image\" \/>\n<meta name=\"twitter:label1\" content=\"\u041f\u0440\u0438\u043c\u0435\u0440\u043d\u043e\u0435 \u0432\u0440\u0435\u043c\u044f \u0434\u043b\u044f \u0447\u0442\u0435\u043d\u0438\u044f\" \/>\n\t<meta name=\"twitter:data1\" content=\"1 \u043c\u0438\u043d\u0443\u0442\u0430\" \/>\n<script type=\"application\/ld+json\" class=\"yoast-schema-graph\">{\"@context\":\"https:\/\/schema.org\",\"@graph\":[{\"@type\":\"WebPage\",\"@id\":\"https:\/\/www.koduluks.ee\/toode\/latern-amas-2\/\",\"url\":\"https:\/\/www.koduluks.ee\/toode\/latern-amas-2\/\",\"name\":\"Latern Amas (v\u00e4ike) - Koduluks\",\"isPartOf\":{\"@id\":\"https:\/\/www.koduluks.ee\/#website\"},\"primaryImageOfPage\":{\"@id\":\"https:\/\/www.koduluks.ee\/toode\/latern-amas-2\/#primaryimage\"},\"image\":{\"@id\":\"https:\/\/www.koduluks.ee\/toode\/latern-amas-2\/#primaryimage\"},\"thumbnailUrl\":\"https:\/\/www.koduluks.ee\/wp-content\/uploads\/2022\/08\/341012.jpg\",\"datePublished\":\"2022-08-22T12:54:17+00:00\",\"dateModified\":\"2025-08-29T07:25:12+00:00\",\"description\":\"Bambusest Amas seeria latern. Looduslik v\u00e4limus, 29cm diameeter, 35cm k\u00f5rgus. Villa Collection br\u00e4ndi kollektsioonist!\",\"breadcrumb\":{\"@id\":\"https:\/\/www.koduluks.ee\/toode\/latern-amas-2\/#breadcrumb\"},\"inLanguage\":\"ru-RU\",\"potentialAction\":[{\"@type\":\"ReadAction\",\"target\":[\"https:\/\/www.koduluks.ee\/toode\/latern-amas-2\/\"]}]},{\"@type\":\"ImageObject\",\"inLanguage\":\"ru-RU\",\"@id\":\"https:\/\/www.koduluks.ee\/toode\/latern-amas-2\/#primaryimage\",\"url\":\"https:\/\/www.koduluks.ee\/wp-content\/uploads\/2022\/08\/341012.jpg\",\"contentUrl\":\"https:\/\/www.koduluks.ee\/wp-content\/uploads\/2022\/08\/341012.jpg\",\"width\":1024,\"height\":768,\"caption\":\"koduluks latern puidust \u00f5uem\u00f6\u00f6bel aiam\u00f6\u00f6bel aia akssessuaari\"},{\"@type\":\"BreadcrumbList\",\"@id\":\"https:\/\/www.koduluks.ee\/toode\/latern-amas-2\/#breadcrumb\",\"itemListElement\":[{\"@type\":\"ListItem\",\"position\":1,\"name\":\"Home\",\"item\":\"https:\/\/www.koduluks.ee\/ru\/\"},{\"@type\":\"ListItem\",\"position\":2,\"name\":\"\u041c\u0430\u0433\u0430\u0437\u0438\u043d\",\"item\":\"https:\/\/www.koduluks.ee\/pood\/\"},{\"@type\":\"ListItem\",\"position\":3,\"name\":\"Latern Amas (v\u00e4ike)\"}]},{\"@type\":\"WebSite\",\"@id\":\"https:\/\/www.koduluks.ee\/#website\",\"url\":\"https:\/\/www.koduluks.ee\/\",\"name\":\"Koduluks\",\"description\":\"\",\"publisher\":{\"@id\":\"https:\/\/www.koduluks.ee\/#organization\"},\"potentialAction\":[{\"@type\":\"SearchAction\",\"target\":{\"@type\":\"EntryPoint\",\"urlTemplate\":\"https:\/\/www.koduluks.ee\/?s={search_term_string}\"},\"query-input\":{\"@type\":\"PropertyValueSpecification\",\"valueRequired\":true,\"valueName\":\"search_term_string\"}}],\"inLanguage\":\"ru-RU\"},{\"@type\":\"Organization\",\"@id\":\"https:\/\/www.koduluks.ee\/#organization\",\"name\":\"Koduluks\",\"url\":\"https:\/\/www.koduluks.ee\/\",\"logo\":{\"@type\":\"ImageObject\",\"inLanguage\":\"ru-RU\",\"@id\":\"https:\/\/www.koduluks.ee\/#\/schema\/logo\/image\/\",\"url\":\"https:\/\/www.koduluks.ee\/wp-content\/uploads\/2018\/10\/koduluks_logo.svg\",\"contentUrl\":\"https:\/\/www.koduluks.ee\/wp-content\/uploads\/2018\/10\/koduluks_logo.svg\",\"width\":117,\"height\":32,\"caption\":\"Koduluks\"},\"image\":{\"@id\":\"https:\/\/www.koduluks.ee\/#\/schema\/logo\/image\/\"}}]}<\/script>\n<!-- \/ Yoast SEO plugin. -->","yoast_head_json":{"title":"Latern Amas (v\u00e4ike) - Koduluks","description":"Bambusest Amas seeria latern. Looduslik v\u00e4limus, 29cm diameeter, 35cm k\u00f5rgus. Villa Collection br\u00e4ndi kollektsioonist!","robots":{"index":"noindex","follow":"follow"},"og_locale":"ru_RU","og_type":"article","og_title":"Latern Amas (v\u00e4ike) - Koduluks","og_description":"Bambusest Amas seeria latern. Looduslik v\u00e4limus, 29cm diameeter, 35cm k\u00f5rgus. Villa Collection br\u00e4ndi kollektsioonist!","og_url":"https:\/\/www.koduluks.ee\/toode\/latern-amas-2\/","og_site_name":"Koduluks","article_modified_time":"2025-08-29T07:25:12+00:00","og_image":[{"width":1024,"height":768,"url":"https:\/\/www.koduluks.ee\/wp-content\/uploads\/2022\/08\/341012.jpg","type":"image\/jpeg"}],"twitter_card":"summary_large_image","twitter_misc":{"\u041f\u0440\u0438\u043c\u0435\u0440\u043d\u043e\u0435 \u0432\u0440\u0435\u043c\u044f \u0434\u043b\u044f \u0447\u0442\u0435\u043d\u0438\u044f":"1 \u043c\u0438\u043d\u0443\u0442\u0430"},"schema":{"@context":"https:\/\/schema.org","@graph":[{"@type":"WebPage","@id":"https:\/\/www.koduluks.ee\/toode\/latern-amas-2\/","url":"https:\/\/www.koduluks.ee\/toode\/latern-amas-2\/","name":"Latern Amas (v\u00e4ike) - Koduluks","isPartOf":{"@id":"https:\/\/www.koduluks.ee\/#website"},"primaryImageOfPage":{"@id":"https:\/\/www.koduluks.ee\/toode\/latern-amas-2\/#primaryimage"},"image":{"@id":"https:\/\/www.koduluks.ee\/toode\/latern-amas-2\/#primaryimage"},"thumbnailUrl":"https:\/\/www.koduluks.ee\/wp-content\/uploads\/2022\/08\/341012.jpg","datePublished":"2022-08-22T12:54:17+00:00","dateModified":"2025-08-29T07:25:12+00:00","description":"Bambusest Amas seeria latern. Looduslik v\u00e4limus, 29cm diameeter, 35cm k\u00f5rgus. Villa Collection br\u00e4ndi kollektsioonist!","breadcrumb":{"@id":"https:\/\/www.koduluks.ee\/toode\/latern-amas-2\/#breadcrumb"},"inLanguage":"ru-RU","potentialAction":[{"@type":"ReadAction","target":["https:\/\/www.koduluks.ee\/toode\/latern-amas-2\/"]}]},{"@type":"ImageObject","inLanguage":"ru-RU","@id":"https:\/\/www.koduluks.ee\/toode\/latern-amas-2\/#primaryimage","url":"https:\/\/www.koduluks.ee\/wp-content\/uploads\/2022\/08\/341012.jpg","contentUrl":"https:\/\/www.koduluks.ee\/wp-content\/uploads\/2022\/08\/341012.jpg","width":1024,"height":768,"caption":"koduluks latern puidust \u00f5uem\u00f6\u00f6bel aiam\u00f6\u00f6bel aia akssessuaari"},{"@type":"BreadcrumbList","@id":"https:\/\/www.koduluks.ee\/toode\/latern-amas-2\/#breadcrumb","itemListElement":[{"@type":"ListItem","position":1,"name":"Home","item":"https:\/\/www.koduluks.ee\/ru\/"},{"@type":"ListItem","position":2,"name":"\u041c\u0430\u0433\u0430\u0437\u0438\u043d","item":"https:\/\/www.koduluks.ee\/pood\/"},{"@type":"ListItem","position":3,"name":"Latern Amas (v\u00e4ike)"}]},{"@type":"WebSite","@id":"https:\/\/www.koduluks.ee\/#website","url":"https:\/\/www.koduluks.ee\/","name":"Koduluks","description":"","publisher":{"@id":"https:\/\/www.koduluks.ee\/#organization"},"potentialAction":[{"@type":"SearchAction","target":{"@type":"EntryPoint","urlTemplate":"https:\/\/www.koduluks.ee\/?s={search_term_string}"},"query-input":{"@type":"PropertyValueSpecification","valueRequired":true,"valueName":"search_term_string"}}],"inLanguage":"ru-RU"},{"@type":"Organization","@id":"https:\/\/www.koduluks.ee\/#organization","name":"Koduluks","url":"https:\/\/www.koduluks.ee\/","logo":{"@type":"ImageObject","inLanguage":"ru-RU","@id":"https:\/\/www.koduluks.ee\/#\/schema\/logo\/image\/","url":"https:\/\/www.koduluks.ee\/wp-content\/uploads\/2018\/10\/koduluks_logo.svg","contentUrl":"https:\/\/www.koduluks.ee\/wp-content\/uploads\/2018\/10\/koduluks_logo.svg","width":117,"height":32,"caption":"Koduluks"},"image":{"@id":"https:\/\/www.koduluks.ee\/#\/schema\/logo\/image\/"}}]}},"_links":{"self":[{"href":"https:\/\/www.koduluks.ee\/ru\/wp-json\/wp\/v2\/product\/2631","targetHints":{"allow":["GET"]}}],"collection":[{"href":"https:\/\/www.koduluks.ee\/ru\/wp-json\/wp\/v2\/product"}],"about":[{"href":"https:\/\/www.koduluks.ee\/ru\/wp-json\/wp\/v2\/types\/product"}],"wp:featuredmedia":[{"embeddable":true,"href":"https:\/\/www.koduluks.ee\/ru\/wp-json\/wp\/v2\/media\/2605"}],"wp:attachment":[{"href":"https:\/\/www.koduluks.ee\/ru\/wp-json\/wp\/v2\/media?parent=2631"}],"wp:term":[{"taxonomy":"product_brand","embeddable":true,"href":"https:\/\/www.koduluks.ee\/ru\/wp-json\/wp\/v2\/product_brand?post=2631"},{"taxonomy":"product_cat","embeddable":true,"href":"https:\/\/www.koduluks.ee\/ru\/wp-json\/wp\/v2\/product_cat?post=2631"},{"taxonomy":"product_tag","embeddable":true,"href":"https:\/\/www.koduluks.ee\/ru\/wp-json\/wp\/v2\/product_tag?post=2631"}],"curies":[{"name":"wp","href":"https:\/\/api.w.org\/{rel}","templated":true}]}}